{"id":5400,"date":"2021-01-26T13:35:30","date_gmt":"2021-01-26T13:35:30","guid":{"rendered":"http:\/\/www.ecoclean-sa.com\/?page_id=5400"},"modified":"2021-01-26T14:06:12","modified_gmt":"2021-01-26T14:06:12","slug":"pdw-pneumatic-duct-washers","status":"publish","type":"page","link":"http:\/\/ecoclean-sa.com\/ar\/home\/pressovac-2\/pdw-pneumatic-duct-washers\/","title":{"rendered":"PDW- Pneumatic Duct Washers"},"content":{"rendered":"<div data-elementor-type=\"wp-page\" data-elementor-id=\"5400\" class=\"elementor elementor-5400\">\n\t\t\t\t\t\t<div class=\"elementor-inner\">\n\t\t\t\t<div class=\"elementor-section-wrap\">\n\t\t\t\t\t\t\t\t\t<section class=\"elementor-section elementor-top-section elementor-element elementor-element-20056b1 elementor-section-boxed elementor-section-height-default elementor-section-height-default\" data-id=\"20056b1\" data-element_type=\"section\">\n\t\t\t\t\t\t<div class=\"elementor-container elementor-column-gap-default\">\n\t\t\t\t\t\t\t<div class=\"elementor-row\">\n\t\t\t\t\t<div class=\"elementor-column elementor-col-100 elementor-top-column elementor-element elementor-element-ef82a59\" data-id=\"ef82a59\" data-element_type=\"column\">\n\t\t\t<div class=\"elementor-column-wrap elementor-element-populated\">\n\t\t\t\t\t\t\t<div class=\"elementor-widget-wrap\">\n\t\t\t\t\t\t<div class=\"elementor-element elementor-element-773fad7 elementor-widget elementor-widget-heading\" data-id=\"773fad7\" data-element_type=\"widget\" data-widget_type=\"heading.default\">\n\t\t\t\t<div class=\"elementor-widget-container\">\n\t\t\t<h2 class=\"elementor-heading-title elementor-size-default\">PDW - Pneumatic Duct Washers<\/h2>\t\t<\/div>\n\t\t\t\t<\/div>\n\t\t\t\t\t\t<\/div>\n\t\t\t\t\t<\/div>\n\t\t<\/div>\n\t\t\t\t\t\t\t\t<\/div>\n\t\t\t\t\t<\/div>\n\t\t<\/section>\n\t\t\t\t<section class=\"elementor-section elementor-top-section elementor-element elementor-element-89a95eb elementor-section-boxed elementor-section-height-default elementor-section-height-default\" data-id=\"89a95eb\" data-element_type=\"section\">\n\t\t\t\t\t\t<div class=\"elementor-container elementor-column-gap-default\">\n\t\t\t\t\t\t\t<div class=\"elementor-row\">\n\t\t\t\t\t<div class=\"elementor-column elementor-col-50 elementor-top-column elementor-element elementor-element-b469d44\" data-id=\"b469d44\" data-element_type=\"column\">\n\t\t\t<div class=\"elementor-column-wrap elementor-element-populated\">\n\t\t\t\t\t\t\t<div class=\"elementor-widget-wrap\">\n\t\t\t\t\t\t<div class=\"elementor-element elementor-element-fd3264b elementor-arrows-position-inside elementor-pagination-position-outside elementor-widget elementor-widget-image-carousel\" data-id=\"fd3264b\" data-element_type=\"widget\" data-settings=\"{&quot;slides_to_show&quot;:&quot;1&quot;,&quot;navigation&quot;:&quot;both&quot;,&quot;autoplay&quot;:&quot;yes&quot;,&quot;pause_on_hover&quot;:&quot;yes&quot;,&quot;pause_on_interaction&quot;:&quot;yes&quot;,&quot;autoplay_speed&quot;:5000,&quot;infinite&quot;:&quot;yes&quot;,&quot;effect&quot;:&quot;slide&quot;,&quot;speed&quot;:500}\" data-widget_type=\"image-carousel.default\">\n\t\t\t\t<div class=\"elementor-widget-container\">\n\t\t\t\t\t<div class=\"elementor-image-carousel-wrapper swiper-container\" dir=\"ltr\">\n\t\t\t<div class=\"elementor-image-carousel swiper-wrapper\">\n\t\t\t\t\t\t\t\t<div class=\"swiper-slide\"><figure class=\"swiper-slide-inner\"><img class=\"swiper-slide-image\" src=\"http:\/\/ecoclean-sa.com\/wp-content\/uploads\/2021\/01\/PDW-768x768.jpg\" alt=\"PDW Pneumatic Duct Washers\" \/><\/figure><\/div><div class=\"swiper-slide\"><figure class=\"swiper-slide-inner\"><img class=\"swiper-slide-image\" src=\"http:\/\/ecoclean-sa.com\/wp-content\/uploads\/2021\/01\/PDW-motor-foaming-nozzle-768x768.jpg\" alt=\"PDW-motor-foaming-nozzle\" \/><\/figure><\/div><div class=\"swiper-slide\"><figure class=\"swiper-slide-inner\"><img class=\"swiper-slide-image\" src=\"http:\/\/ecoclean-sa.com\/wp-content\/uploads\/2021\/01\/PDW-Motor-T-Adapter-768x768.jpg\" alt=\"PDW-Motor-T-Adapter\" \/><\/figure><\/div>\t\t\t<\/div>\n\t\t\t\t\t\t\t\t\t\t\t\t<div class=\"swiper-pagination\"><\/div>\n\t\t\t\t\t\t\t\t\t\t\t\t\t<div class=\"elementor-swiper-button elementor-swiper-button-prev\">\n\t\t\t\t\t\t<i aria-hidden=\"true\" class=\"eicon-chevron-left\"><\/i>\t\t\t\t\t\t<span class=\"elementor-screen-only\">\u0627\u0644\u0633\u0627\u0628\u0642<\/span>\n\t\t\t\t\t<\/div>\n\t\t\t\t\t<div class=\"elementor-swiper-button elementor-swiper-button-next\">\n\t\t\t\t\t\t<i aria-hidden=\"true\" class=\"eicon-chevron-right\"><\/i>\t\t\t\t\t\t<span class=\"elementor-screen-only\">\u0627\u0644\u062a\u0627\u0644\u064a<\/span>\n\t\t\t\t\t<\/div>\n\t\t\t\t\t\t\t\t\t<\/div>\n\t\t\t\t<\/div>\n\t\t\t\t<\/div>\n\t\t\t\t\t\t<\/div>\n\t\t\t\t\t<\/div>\n\t\t<\/div>\n\t\t\t\t<div class=\"elementor-column elementor-col-50 elementor-top-column elementor-element elementor-element-03d5287\" data-id=\"03d5287\" data-element_type=\"column\">\n\t\t\t<div class=\"elementor-column-wrap elementor-element-populated\">\n\t\t\t\t\t\t\t<div class=\"elementor-widget-wrap\">\n\t\t\t\t\t\t<div class=\"elementor-element elementor-element-4129516 elementor-aspect-ratio-169 elementor-widget elementor-widget-video\" data-id=\"4129516\" data-element_type=\"widget\" data-settings=\"{&quot;youtube_url&quot;:&quot;https:\\\/\\\/www.youtube.com\\\/watch?v=kSViZ4kQELU&quot;,&quot;video_type&quot;:&quot;youtube&quot;,&quot;controls&quot;:&quot;yes&quot;,&quot;aspect_ratio&quot;:&quot;169&quot;}\" data-widget_type=\"video.default\">\n\t\t\t\t<div class=\"elementor-widget-container\">\n\t\t\t\t\t<div class=\"elementor-wrapper elementor-fit-aspect-ratio elementor-open-inline\">\n\t\t\t<div class=\"elementor-video\"><\/div>\t\t<\/div>\n\t\t\t\t<\/div>\n\t\t\t\t<\/div>\n\t\t\t\t\t\t<\/div>\n\t\t\t\t\t<\/div>\n\t\t<\/div>\n\t\t\t\t\t\t\t\t<\/div>\n\t\t\t\t\t<\/div>\n\t\t<\/section>\n\t\t\t\t<section class=\"elementor-section elementor-top-section elementor-element elementor-element-a490afc elementor-section-boxed elementor-section-height-default elementor-section-height-default\" data-id=\"a490afc\" data-element_type=\"section\">\n\t\t\t\t\t\t<div class=\"elementor-container elementor-column-gap-default\">\n\t\t\t\t\t\t\t<div class=\"elementor-row\">\n\t\t\t\t\t<div class=\"elementor-column elementor-col-100 elementor-top-column elementor-element elementor-element-1f84659\" data-id=\"1f84659\" data-element_type=\"column\">\n\t\t\t<div class=\"elementor-column-wrap elementor-element-populated\">\n\t\t\t\t\t\t\t<div class=\"elementor-widget-wrap\">\n\t\t\t\t\t\t<div class=\"elementor-element elementor-element-c1d646f elementor-widget elementor-widget-text-editor\" data-id=\"c1d646f\" data-element_type=\"widget\" data-widget_type=\"text-editor.default\">\n\t\t\t\t<div class=\"elementor-widget-container\">\n\t\t\t\t\t\t\t\t<div class=\"elementor-text-editor elementor-clearfix\">\n\t\t\t\t<p><strong>For foaming, brushing and rinsing ducts, pipes and chutes up to \u00d8800mm<\/strong><\/p><section class=\"section active\"><div class=\"content\"><p>PDW, Pneumatic DuctWasher is a pneumatic brushing device with integrated high-pressure washing functions.<\/p><p>Due to it\u2019s powerful pneumatic motor and stainless steel frame, PDW is ideal for cleaning greased round- adn rectangular ducts in medium and large sized industrial kitchens. PDW can be also used for brushing air ducts.<\/p><p>PDW is suitable for spraying chemical solutions, foaming, brushing, rinsing and disinfecting ducts, pipes or chutes for up to \u00d8800mm and 40m long<\/p><p><strong>Advantages:<\/strong><\/p><ul><li>Portable, robust and lightweight<\/li><li>Powerful pneumatic brushing motor<\/li><li>Works with most high pressure washers<\/li><li>Clockwise or counter-clockwise rotation<\/li><li>T-adaptor for cleaning rectangular ducts (optional)<\/li><li>Wireless remote controls (optional)<\/li><li>Adjustable chemical doser (optional)<\/li><li>Can be used for air duct cleaning<\/li><\/ul><\/div><\/section><section class=\"section\"><\/section>\t\t\t\t\t<\/div>\n\t\t\t\t\t\t<\/div>\n\t\t\t\t<\/div>\n\t\t\t\t\t\t<\/div>\n\t\t\t\t\t<\/div>\n\t\t<\/div>\n\t\t\t\t\t\t\t\t<\/div>\n\t\t\t\t\t<\/div>\n\t\t<\/section>\n\t\t\t\t<section class=\"elementor-section elementor-top-section elementor-element elementor-element-c4dceb3 elementor-section-boxed elementor-section-height-default elementor-section-height-default\" data-id=\"c4dceb3\" data-element_type=\"section\">\n\t\t\t\t\t\t<div class=\"elementor-container elementor-column-gap-default\">\n\t\t\t\t\t\t\t<div class=\"elementor-row\">\n\t\t\t\t\t<div class=\"elementor-column elementor-col-100 elementor-top-column elementor-element elementor-element-6cd6ab5\" data-id=\"6cd6ab5\" data-element_type=\"column\">\n\t\t\t<div class=\"elementor-column-wrap elementor-element-populated\">\n\t\t\t\t\t\t\t<div class=\"elementor-widget-wrap\">\n\t\t\t\t\t\t<div class=\"elementor-element elementor-element-c19d90d elementor-widget elementor-widget-heading\" data-id=\"c19d90d\" data-element_type=\"widget\" data-widget_type=\"heading.default\">\n\t\t\t\t<div class=\"elementor-widget-container\">\n\t\t\t<h3 class=\"elementor-heading-title elementor-size-default\">\u0627\u0644\u0628\u064a\u0627\u0646\u0627\u062a \u0627\u0644\u062a\u0642\u0646\u064a\u0629<\/h3>\t\t<\/div>\n\t\t\t\t<\/div>\n\t\t\t\t<div class=\"elementor-element elementor-element-5ece1fe elementor-widget elementor-widget-eael-advanced-data-table\" data-id=\"5ece1fe\" data-element_type=\"widget\" data-widget_type=\"eael-advanced-data-table.default\">\n\t\t\t\t<div class=\"elementor-widget-container\">\n\t\t\t<div class=\"ea-advanced-data-table-wrap\" data-id=\"5ece1fe\"><div class=\"ea-advanced-data-table-wrap-inner\">\n                <table class=\"ea-advanced-data-table ea-advanced-data-table-static ea-advanced-data-table-5ece1fe\" data-id=\"5ece1fe\"><thead><\/thead><tbody><tr><td><p><strong>Dimensions (LxWxH)<\/strong><\/p><\/td><td><p>940 x 600 x 990mm<\/p><\/td><\/tr><tr><td><p><strong>Weight<\/strong><\/p><\/td><td><p>36kg (PDW-25), 39kg (PDW-30), 45kg (PDW-40)<\/p><\/td><\/tr><tr><td><p><strong>Operating range<\/strong><\/p><\/td><td><p>\u00d8200 \u2013 \u00d8800mm round ducts, up to h500mm in rectangular ducts<\/p><\/td><\/tr><tr><td><p><strong>Length<\/strong><\/p><\/td><td><p>25, 30 or 40 meters<\/p><\/td><\/tr><tr><td><p><strong>Water supply<\/strong><\/p><\/td><td><p>Max. 90\u00b0C, 150 Bar<\/p><\/td><\/tr><tr><td><p><strong>Motor Type<\/strong><\/p><\/td><td><p>Bi-directional pneumatic motor, 4Nm torque, air consumption 300l\/min @6 Bar<\/p><\/td><\/tr><tr><td><p><strong>Brushing directions<\/strong><\/p><\/td><td><p>Clockwise and counter-clockwise<\/p><\/td><\/tr><tr><td><p><strong>Washing functions<\/strong><\/p><\/td><td><p>Spray, Foam, Brush, Rinse, Disinfect<\/p><\/td><\/tr><tr><td><p><strong>Accessories included in all devices<\/strong><\/p><\/td><td><p>Set of spraying \/ Rinsing nozzles (3 pcs), filter\/regulator unit with automatic motor lubricator, Toolbox with required tools and accessories.<\/p><\/td><\/tr><\/tbody><\/table>\n            <\/div><\/div>\t\t<\/div>\n\t\t\t\t<\/div>\n\t\t\t\t\t\t<\/div>\n\t\t\t\t\t<\/div>\n\t\t<\/div>\n\t\t\t\t\t\t\t\t<\/div>\n\t\t\t\t\t<\/div>\n\t\t<\/section>\n\t\t\t\t<section class=\"elementor-section elementor-top-section elementor-element elementor-element-4d9a390 elementor-section-boxed elementor-section-height-default elementor-section-height-default\" data-id=\"4d9a390\" data-element_type=\"section\">\n\t\t\t\t\t\t<div class=\"elementor-container elementor-column-gap-default\">\n\t\t\t\t\t\t\t<div class=\"elementor-row\">\n\t\t\t\t\t<div class=\"elementor-column elementor-col-100 elementor-top-column elementor-element elementor-element-6c35cf4\" data-id=\"6c35cf4\" data-element_type=\"column\">\n\t\t\t<div class=\"elementor-column-wrap elementor-element-populated\">\n\t\t\t\t\t\t\t<div class=\"elementor-widget-wrap\">\n\t\t\t\t\t\t<div class=\"elementor-element elementor-element-4710b0c elementor-widget elementor-widget-heading\" data-id=\"4710b0c\" data-element_type=\"widget\" data-widget_type=\"heading.default\">\n\t\t\t\t<div class=\"elementor-widget-container\">\n\t\t\t<h3 class=\"elementor-heading-title elementor-size-default\">PDW Versions, Sets and Accessories<\/h3>\t\t<\/div>\n\t\t\t\t<\/div>\n\t\t\t\t<div class=\"elementor-element elementor-element-460dc62 elementor-widget elementor-widget-eael-advanced-data-table\" data-id=\"460dc62\" data-element_type=\"widget\" data-widget_type=\"eael-advanced-data-table.default\">\n\t\t\t\t<div class=\"elementor-widget-container\">\n\t\t\t<div class=\"ea-advanced-data-table-wrap\" data-id=\"460dc62\"><div class=\"ea-advanced-data-table-wrap-inner\">\n                <table class=\"ea-advanced-data-table ea-advanced-data-table-static ea-advanced-data-table-460dc62\" data-id=\"460dc62\"><thead><tr><th><p>Product<\/p><\/th><th><p>Product Code<\/p><\/th><\/tr><\/thead><tbody><tr><td><p>&nbsp;PDW-25 DuctWasher \u2013 Pneumatic Duct Washing Machine (25m reel &amp; stainless steel frame) 36kg<\/p><\/td><td><p>201.004.011<\/p><\/td><\/tr><tr><td><p>&nbsp;PDW-30 DuctWasher \u2013 Pneumatic Duct Washing Machine (30m reel &amp; stainless steel frame) 39kg     <\/p><\/td><td><p><span>201.004.012<\/span><\/p><\/td><\/tr><tr><td><p>&nbsp;PDW-40 DuctWasher \u2013 Pneumatic Duct Washing Machine (40m reel &amp; stainless steel frame) 45kg<\/p><\/td><td><p><span>201.004.013<\/span><\/p><\/td><\/tr><tr><td><p><strong>PDW-Sets (ask more info of the contents from our sales)<\/strong><\/p><\/td><td><p><br><\/p><\/td><\/tr><tr><td><p>&nbsp;PDW-25\/30\/40 Basic set<\/p><\/td><td><p><span>201.004.111<\/span><\/p><\/td><\/tr><tr><td><p>&nbsp;PDW-25\/30\/40 Advanced set  <\/p><\/td><td><p><span>201.004.211<\/span><\/p><\/td><\/tr><tr><td><p>&nbsp;PDW-25\/30\/40 Professional set<\/p><\/td><td><p><span>201.004.311<\/span><\/p><\/td><\/tr><tr><td><p><strong>Accessories for PDW25\/30\/40:<\/strong>  <\/p><\/td><td><p><br><\/p><\/td><\/tr><tr><td><p>&nbsp;Wireless remote control of motor (on\/off switch)<\/p><\/td><td><p><span>203.004.001<\/span><\/p><\/td><\/tr><tr><td><p>&nbsp;Automatic direction change of brushing rotation <\/p><\/td><td><p><span>202.002.001<\/span><\/p><\/td><\/tr><tr><td><p>&nbsp;T-brushing adapter for PDW (w\/ support wheels &amp; plates) for rectangular ducts<\/p><\/td><td><p><span>204.004.004<\/span><\/p><\/td><\/tr><tr><td><p>&nbsp;Supporting plates for round brushes, 5pcs (\u00d8315-\u00d8800)<\/p><\/td><td><p><span>212.001.001<\/span><\/p><\/td><\/tr><tr><td><p>&nbsp;Centering brush set (3pcs) for PDW (\u00d8500-\u00d8800mm ducts)    <\/p><\/td><td><p><span>211.101.004<\/span><\/p><\/td><\/tr><tr><td><p>&nbsp;Pneumatic brush centralizer for PDW (\u00d8315-\u00d8800mm ducts)   <\/p><\/td><td><p><span>204.004.003<\/span><\/p><\/td><\/tr><tr><td><p>&nbsp;K-370 Air Compressor 230V\/10A\/370L\/6bar <\/p><\/td><td><p><span>210.001.001<\/span><\/p><\/td><\/tr><tr><td><p><strong>Nozzles and other accessories for PDW<\/strong><\/p><\/td><td><p><br><\/p><\/td><\/tr><tr><td><p>&nbsp;Foaming nozzle for EDW\/PDW\/CS<\/p><\/td><td><p><span>219.001.001<\/span><\/p><\/td><\/tr><tr><td><p>&nbsp;Rinsing nozzle set (3 nozzles) for EDW\/PDW\/CS<\/p><\/td><td><p><span>219.001.102<\/span><\/p><\/td><\/tr><tr><td><p>&nbsp;Rinsing T nozzle with 65 degrees &amp; quick connector<\/p><\/td><td><p><span>219.001.002<\/span><\/p><\/td><\/tr><tr><td><p>Rinsing nozzle with 25 degrees opening &amp; quick connector<\/p><\/td><td><p> <span>219.001.003<\/span><\/p><\/td><\/tr><tr><td><p>Rinsing nozzle with 40 degrees opening &amp; quick connector<\/p><\/td><td><p><span>219.001.004<\/span><\/p><\/td><\/tr><tr><td><p>Disinfection nozzle w\/ quick connector for EDW\/PDW\/CS<\/p><\/td><td><p><span>219.005.003<\/span><\/p><\/td><\/tr><tr><td><p>&nbsp;Foaming kit for EDW\/PDW (Foaming nozzle, chemical doser, chemical holder)<\/p><\/td><td><p><span>219.001.101<\/span><\/p><\/td><\/tr><tr><td><p>FT-24, Foaming\/Disinfecting Tank, Stainless Steel, 24 Liter, 10m Hose, 24\u2033 Lance.<\/p><\/td><td><p><span>213.002.001<\/span><\/p><\/td><\/tr><tr><td><p><strong>Hot Water High Pressure Washer<\/strong><\/p><\/td><td><\/td><\/tr><tr><td><p>&nbsp;HW-45T HotWasher \u2013 Electric hot water high pressure washer (16,5kW\/ 400VAC\/ 140 Bar) with 40L water tank<\/p><\/td><td><p><span>218.001.145<\/span><\/p><\/td><\/tr><tr><td><p><strong>Brush sets for round ducts:<\/strong><\/p><\/td><td><\/td><\/tr><tr><td><p>&nbsp;Brush set for round ducts, Standard (7 pcs) \u00d8200-\u00d8800*<\/p><\/td><td><p><span>211.001.103<\/span><\/p><\/td><\/tr><tr><td><p>&nbsp;Brush set for round ducts, Hard (7 pcs) \u00d8200-\u00d8800*<\/p><\/td><td><p><span>211.002.103<\/span><\/p><\/td><\/tr><tr><td><p>&nbsp;Brush set for round ducts, Extra hard (7 pcs) \u00d8200-\u00d8800*<\/p><\/td><td><p><span>211.009.103<\/span><\/p><\/td><\/tr><tr><td><p><strong>Brush set for rectangular ducts:<\/strong><\/p><\/td><td><\/td><\/tr><tr><td><p>&nbsp;Brush set for rectangular ducts, Standard (2\u00d75 pcs)***<\/p><\/td><td><p>211.003.101<\/p><\/td><\/tr><tr><td><p>&nbsp;Brush set for rectangular ducts, Hard (2\u00d75 pcs)***<\/p><\/td><td><p><span>211.004.101<\/span><\/p><\/td><\/tr><tr><td><p>&nbsp;Brush set for rectangular ducts, Extra Hard (2\u00d75 pcs)***<\/p><\/td><td><p>211.010.101<\/p><\/td><\/tr><\/tbody><\/table>\n            <\/div><\/div>\t\t<\/div>\n\t\t\t\t<\/div>\n\t\t\t\t\t\t<\/div>\n\t\t\t\t\t<\/div>\n\t\t<\/div>\n\t\t\t\t\t\t\t\t<\/div>\n\t\t\t\t\t<\/div>\n\t\t<\/section>\n\t\t\t\t<section class=\"elementor-section elementor-top-section elementor-element elementor-element-0bc3c35 elementor-section-boxed elementor-section-height-default elementor-section-height-default\" data-id=\"0bc3c35\" data-element_type=\"section\">\n\t\t\t\t\t\t<div class=\"elementor-container elementor-column-gap-default\">\n\t\t\t\t\t\t\t<div class=\"elementor-row\">\n\t\t\t\t\t<div class=\"elementor-column elementor-col-100 elementor-top-column elementor-element elementor-element-5681913\" data-id=\"5681913\" data-element_type=\"column\">\n\t\t\t<div class=\"elementor-column-wrap elementor-element-populated\">\n\t\t\t\t\t\t\t<div class=\"elementor-widget-wrap\">\n\t\t\t\t\t\t<div class=\"elementor-element elementor-element-afe199e elementor-widget elementor-widget-text-editor\" data-id=\"afe199e\" data-element_type=\"widget\" data-widget_type=\"text-editor.default\">\n\t\t\t\t<div class=\"elementor-widget-container\">\n\t\t\t\t\t\t\t\t<div class=\"elementor-text-editor elementor-clearfix\">\n\t\t\t\t<p>*) 7 pcs: 1x\u00d8200mm, 1x\u00d8250mm, 1x\u00d8315mm, 1x\u00d8400mm, 1x\u00d8500mm, 1x\u00d8630mm, 1x\u00d8800mm<\/p><p>***) 2\u00d75 pcs: 2x\u00d8200mm, 2x\u00d8250mm, 2x\u00d8300mm, 2x\u00d8400mm, 2x\u00d8500mm<\/p>\t\t\t\t\t<\/div>\n\t\t\t\t\t\t<\/div>\n\t\t\t\t<\/div>\n\t\t\t\t\t\t<\/div>\n\t\t\t\t\t<\/div>\n\t\t<\/div>\n\t\t\t\t\t\t\t\t<\/div>\n\t\t\t\t\t<\/div>\n\t\t<\/section>\n\t\t\t\t<section class=\"elementor-section elementor-top-section elementor-element elementor-element-0fb2a8c elementor-section-boxed elementor-section-height-default elementor-section-height-default\" data-id=\"0fb2a8c\" data-element_type=\"section\">\n\t\t\t\t\t\t<div class=\"elementor-container elementor-column-gap-default\">\n\t\t\t\t\t\t\t<div class=\"elementor-row\">\n\t\t\t\t\t<div class=\"elementor-column elementor-col-100 elementor-top-column elementor-element elementor-element-afba71a\" data-id=\"afba71a\" data-element_type=\"column\">\n\t\t\t<div class=\"elementor-column-wrap elementor-element-populated\">\n\t\t\t\t\t\t\t<div class=\"elementor-widget-wrap\">\n\t\t\t\t\t\t<div class=\"elementor-element elementor-element-8a03f3a elementor-align-center elementor-widget elementor-widget-button\" data-id=\"8a03f3a\" data-element_type=\"widget\" data-widget_type=\"button.default\">\n\t\t\t\t<div class=\"elementor-widget-container\">\n\t\t\t\t\t<div class=\"elementor-button-wrapper\">\n\t\t\t<a href=\"http:\/\/ecoclean-sa.com\/ar\/contact\/\" target=\"_blank\" class=\"elementor-button-link elementor-button elementor-size-sm\" role=\"button\">\n\t\t\t\t\t\t<span class=\"elementor-button-content-wrapper\">\n\t\t\t\t\t\t<span class=\"elementor-button-text\">\u0644\u0644\u0625\u0633\u062a\u0639\u0644\u0627\u0645 \u0623\u0648 \u0627\u0644\u0637\u0644\u0628<\/span>\n\t\t<\/span>\n\t\t\t\t\t<\/a>\n\t\t<\/div>\n\t\t\t\t<\/div>\n\t\t\t\t<\/div>\n\t\t\t\t\t\t<\/div>\n\t\t\t\t\t<\/div>\n\t\t<\/div>\n\t\t\t\t\t\t\t\t<\/div>\n\t\t\t\t\t<\/div>\n\t\t<\/section>\n\t\t\t\t\t\t\t\t\t<\/div>\n\t\t\t<\/div>\n\t\t\t\t\t<\/div>","protected":false},"excerpt":{"rendered":"<p>PDW &#8211; Pneumatic Duct Washers Previous Next https:\/\/www.youtube.com\/watch?v=kSViZ4kQELU For foaming, brushing and rinsing ducts, pipes and chutes up to \u00d8800mm PDW, Pneumatic DuctWasher is a pneumatic brushing device with integrated high-pressure washing functions. Due to it\u2019s powerful pneumatic motor and stainless steel frame, PDW is ideal for cleaning greased round- adn rectangular ducts in medium &hellip;<\/p>\n<p class=\"read-more\"> <a class=\"\" href=\"http:\/\/ecoclean-sa.com\/ar\/home\/pressovac-2\/pdw-pneumatic-duct-washers\/\"> <span class=\"screen-reader-text\">PDW- Pneumatic Duct Washers<\/span> \u0642\u0631\u0627\u0621\u0629 \u0627\u0644\u0645\u0632\u064a\u062f &raquo;<\/a><\/p>","protected":false},"author":1,"featured_media":0,"parent":5143,"menu_order":47,"comment_status":"closed","ping_status":"closed","template":"","meta":[],"_links":{"self":[{"href":"http:\/\/ecoclean-sa.com\/ar\/wp-json\/wp\/v2\/pages\/5400"}],"collection":[{"href":"http:\/\/ecoclean-sa.com\/ar\/wp-json\/wp\/v2\/pages"}],"about":[{"href":"http:\/\/ecoclean-sa.com\/ar\/wp-json\/wp\/v2\/types\/page"}],"author":[{"embeddable":true,"href":"http:\/\/ecoclean-sa.com\/ar\/wp-json\/wp\/v2\/users\/1"}],"replies":[{"embeddable":true,"href":"http:\/\/ecoclean-sa.com\/ar\/wp-json\/wp\/v2\/comments?post=5400"}],"version-history":[{"count":10,"href":"http:\/\/ecoclean-sa.com\/ar\/wp-json\/wp\/v2\/pages\/5400\/revisions"}],"predecessor-version":[{"id":5416,"href":"http:\/\/ecoclean-sa.com\/ar\/wp-json\/wp\/v2\/pages\/5400\/revisions\/5416"}],"up":[{"embeddable":true,"href":"http:\/\/ecoclean-sa.com\/ar\/wp-json\/wp\/v2\/pages\/5143"}],"wp:attachment":[{"href":"http:\/\/ecoclean-sa.com\/ar\/wp-json\/wp\/v2\/media?parent=5400"}],"curies":[{"name":"wp","href":"https:\/\/api.w.org\/{rel}","templated":true}]}}